{"id":1237,"date":"2023-01-28T21:56:30","date_gmt":"2023-01-28T20:56:30","guid":{"rendered":"https:\/\/elitebauelemente.de\/?page_id=1237"},"modified":"2024-01-18T20:52:16","modified_gmt":"2024-01-18T19:52:16","slug":"vorbaurollladen","status":"publish","type":"page","link":"https:\/\/elitebauelemente.de\/?page_id=1237","title":{"rendered":"Vorbaurollladen"},"content":{"rendered":"\t\t<div data-elementor-type=\"wp-page\" data-elementor-id=\"1237\" class=\"elementor elementor-1237\">\n\t\t\t\t\t\t\t\t\t<section class=\"elementor-section elementor-top-section elementor-element elementor-element-ae29df8 elementor-section-boxed elementor-section-height-default elementor-section-height-default\" data-id=\"ae29df8\" data-element_type=\"section\">\n\t\t\t\t\t\t<div class=\"elementor-container elementor-column-gap-default\">\n\t\t\t\t\t<div class=\"elementor-column elementor-col-50 elementor-top-column elementor-element elementor-element-f80d06b\" data-id=\"f80d06b\" data-element_type=\"column\">\n\t\t\t<div class=\"elementor-widget-wrap elementor-element-populated\">\n\t\t\t\t\t\t\t\t<div class=\"elementor-element elementor-element-bd8b42d animated-slow elementor-invisible elementor-widget elementor-widget-image\" data-id=\"bd8b42d\" data-element_type=\"widget\" data-settings=\"{&quot;_animation&quot;:&quot;zoomIn&quot;}\" data-widget_type=\"image.default\">\n\t\t\t\t<div class=\"elementor-widget-container\">\n\t\t\t<style>\/*! elementor - v3.11.3 - 07-03-2023 *\/\n.elementor-widget-image{text-align:center}.elementor-widget-image a{display:inline-block}.elementor-widget-image a img[src$=\".svg\"]{width:48px}.elementor-widget-image img{vertical-align:middle;display:inline-block}<\/style>\t\t\t\t\t\t\t\t\t\t\t\t<img decoding=\"async\" width=\"600\" height=\"605\" src=\"https:\/\/elitebauelemente.de\/wp-content\/uploads\/2023\/01\/Panjur-Sistemleri-4-Sowidoor-600x605-1.jpg\" class=\"attachment-large size-large wp-image-1339\" alt=\"\" loading=\"lazy\" srcset=\"https:\/\/elitebauelemente.de\/wp-content\/uploads\/2023\/01\/Panjur-Sistemleri-4-Sowidoor-600x605-1.jpg 600w, https:\/\/elitebauelemente.de\/wp-content\/uploads\/2023\/01\/Panjur-Sistemleri-4-Sowidoor-600x605-1-298x300.jpg 298w, https:\/\/elitebauelemente.de\/wp-content\/uploads\/2023\/01\/Panjur-Sistemleri-4-Sowidoor-600x605-1-150x150.jpg 150w\" sizes=\"(max-width: 600px) 100vw, 600px\" \/>\t\t\t\t\t\t\t\t\t\t\t\t\t\t\t<\/div>\n\t\t\t\t<\/div>\n\t\t\t\t\t<\/div>\n\t\t<\/div>\n\t\t\t\t<div class=\"elementor-column elementor-col-50 elementor-top-column elementor-element elementor-element-4092a0c\" data-id=\"4092a0c\" data-element_type=\"column\">\n\t\t\t<div class=\"elementor-widget-wrap elementor-element-populated\">\n\t\t\t\t\t\t\t\t<div class=\"elementor-element elementor-element-2f90fec animated-slow elementor-invisible elementor-widget elementor-widget-heading\" data-id=\"2f90fec\" data-element_type=\"widget\" data-settings=\"{&quot;_animation&quot;:&quot;zoomIn&quot;}\" data-widget_type=\"heading.default\">\n\t\t\t\t<div class=\"elementor-widget-container\">\n\t\t\t<style>\/*! elementor - v3.11.3 - 07-03-2023 *\/\n.elementor-heading-title{padding:0;margin:0;line-height:1}.elementor-widget-heading .elementor-heading-title[class*=elementor-size-]>a{color:inherit;font-size:inherit;line-height:inherit}.elementor-widget-heading .elementor-heading-title.elementor-size-small{font-size:15px}.elementor-widget-heading .elementor-heading-title.elementor-size-medium{font-size:19px}.elementor-widget-heading .elementor-heading-title.elementor-size-large{font-size:29px}.elementor-widget-heading .elementor-heading-title.elementor-size-xl{font-size:39px}.elementor-widget-heading .elementor-heading-title.elementor-size-xxl{font-size:59px}<\/style><h1 class=\"elementor-heading-title elementor-size-default\">VORBAUROLLL\u00c4DEN<\/h1>\t\t<\/div>\n\t\t\t\t<\/div>\n\t\t\t\t<div class=\"elementor-element elementor-element-e553982 animated-slow elementor-invisible elementor-widget elementor-widget-text-editor\" data-id=\"e553982\" data-element_type=\"widget\" data-settings=\"{&quot;_animation&quot;:&quot;zoomIn&quot;}\" data-widget_type=\"text-editor.default\">\n\t\t\t\t<div class=\"elementor-widget-container\">\n\t\t\t<style>\/*! elementor - v3.11.3 - 07-03-2023 *\/\n.elementor-widget-text-editor.elementor-drop-cap-view-stacked .elementor-drop-cap{background-color:#818a91;color:#fff}.elementor-widget-text-editor.elementor-drop-cap-view-framed .elementor-drop-cap{color:#818a91;border:3px solid;background-color:transparent}.elementor-widget-text-editor:not(.elementor-drop-cap-view-default) .elementor-drop-cap{margin-top:8px}.elementor-widget-text-editor:not(.elementor-drop-cap-view-default) .elementor-drop-cap-letter{width:1em;height:1em}.elementor-widget-text-editor .elementor-drop-cap{float:left;text-align:center;line-height:1;font-size:50px}.elementor-widget-text-editor .elementor-drop-cap-letter{display:inline-block}<\/style>\t\t\t\t<p>Vorbauroll\u00e4den sind die optimale L\u00f6sung f\u00fcr den Neubau und die Altbau Sanierung. Aussenrolladen kommen immer dann zum Einsatz, wenn beim Hausbau keine Roll\u00e4den vorgesehen wurden (z.B. wenn Fenster- oder T\u00fcrst\u00fcrze nicht hohl ausgebildet sind, um dort einen Rolladen unterzubringen).<\/p><p>Vorbaurolladen mit geschlossener R\u00fcckwand und PU-gesch\u00e4umten Aluminium Roll\u00e4den, wahlweise Rolladenbehang aus Kunststoff. Optional Spitzenqualit\u00e4t in Form und Ausf\u00fchrung bei Elite Bauelemente zu fairen Preisen!<\/p>\t\t\t\t\t\t<\/div>\n\t\t\t\t<\/div>\n\t\t\t\t\t<\/div>\n\t\t<\/div>\n\t\t\t\t\t\t\t<\/div>\n\t\t<\/section>\n\t\t\t\t<section class=\"elementor-section elementor-top-section elementor-element elementor-element-8478e99 elementor-section-boxed elementor-section-height-default elementor-section-height-default\" data-id=\"8478e99\" data-element_type=\"section\">\n\t\t\t\t\t\t<div class=\"elementor-container elementor-column-gap-default\">\n\t\t\t\t\t<div class=\"elementor-column elementor-col-50 elementor-top-column elementor-element elementor-element-506f446\" data-id=\"506f446\" data-element_type=\"column\">\n\t\t\t<div class=\"elementor-widget-wrap elementor-element-populated\">\n\t\t\t\t\t\t\t\t<div class=\"elementor-element elementor-element-0d57cc3 animated-slow elementor-invisible elementor-widget elementor-widget-image\" data-id=\"0d57cc3\" data-element_type=\"widget\" data-settings=\"{&quot;_animation&quot;:&quot;zoomIn&quot;}\" data-widget_type=\"image.default\">\n\t\t\t\t<div class=\"elementor-widget-container\">\n\t\t\t\t\t\t\t\t\t\t\t\t\t\t\t<img decoding=\"async\" width=\"900\" height=\"573\" src=\"https:\/\/elitebauelemente.de\/wp-content\/uploads\/2023\/01\/Panjur-distan-takma-.jpeg\" class=\"attachment-large size-large wp-image-1340\" alt=\"\" loading=\"lazy\" srcset=\"https:\/\/elitebauelemente.de\/wp-content\/uploads\/2023\/01\/Panjur-distan-takma-.jpeg 900w, https:\/\/elitebauelemente.de\/wp-content\/uploads\/2023\/01\/Panjur-distan-takma--300x191.jpeg 300w, https:\/\/elitebauelemente.de\/wp-content\/uploads\/2023\/01\/Panjur-distan-takma--768x489.jpeg 768w\" sizes=\"(max-width: 900px) 100vw, 900px\" \/>\t\t\t\t\t\t\t\t\t\t\t\t\t\t\t<\/div>\n\t\t\t\t<\/div>\n\t\t\t\t\t<\/div>\n\t\t<\/div>\n\t\t\t\t<div class=\"elementor-column elementor-col-50 elementor-top-column elementor-element elementor-element-1378f67\" data-id=\"1378f67\" data-element_type=\"column\">\n\t\t\t<div class=\"elementor-widget-wrap elementor-element-populated\">\n\t\t\t\t\t\t\t\t<div class=\"elementor-element elementor-element-e3addda animated-slow elementor-invisible elementor-widget elementor-widget-image\" data-id=\"e3addda\" data-element_type=\"widget\" data-settings=\"{&quot;_animation&quot;:&quot;zoomIn&quot;}\" data-widget_type=\"image.default\">\n\t\t\t\t<div class=\"elementor-widget-container\">\n\t\t\t\t\t\t\t\t\t\t\t\t\t\t\t<img decoding=\"async\" width=\"450\" height=\"300\" src=\"https:\/\/elitebauelemente.de\/wp-content\/uploads\/2023\/01\/panjor-otomatik-elazig.jpg\" class=\"attachment-large size-large wp-image-1341\" alt=\"\" loading=\"lazy\" srcset=\"https:\/\/elitebauelemente.de\/wp-content\/uploads\/2023\/01\/panjor-otomatik-elazig.jpg 450w, https:\/\/elitebauelemente.de\/wp-content\/uploads\/2023\/01\/panjor-otomatik-elazig-300x200.jpg 300w\" sizes=\"(max-width: 450px) 100vw, 450px\" \/>\t\t\t\t\t\t\t\t\t\t\t\t\t\t\t<\/div>\n\t\t\t\t<\/div>\n\t\t\t\t\t<\/div>\n\t\t<\/div>\n\t\t\t\t\t\t\t<\/div>\n\t\t<\/section>\n\t\t\t\t\t\t\t<\/div>\n\t\t","protected":false},"excerpt":{"rendered":"<p>VORBAUROLLL\u00c4DEN Vorbauroll\u00e4den sind die optimale L\u00f6sung f\u00fcr den Neubau und die Altbau Sanierung. Aussenrolladen kommen immer dann zum Einsatz, wenn beim Hausbau keine Roll\u00e4den vorgesehen wurden (z.B. wenn Fenster- oder T\u00fcrst\u00fcrze nicht hohl ausgebildet sind, um dort einen Rolladen unterzubringen). Vorbaurolladen mit geschlossener R\u00fcckwand und PU-gesch\u00e4umten Aluminium Roll\u00e4den, wahlweise Rolladenbehang aus Kunststoff. Optional Spitzenqualit\u00e4t in &hellip;<\/p>\n<p class=\"read-more\"> <a class=\"\" href=\"https:\/\/elitebauelemente.de\/?page_id=1237\"> <span class=\"screen-reader-text\">Vorbaurollladen<\/span> Devam\u0131 &raquo;<\/a><\/p>\n","protected":false},"author":1,"featured_media":0,"parent":0,"menu_order":0,"comment_status":"closed","ping_status":"closed","template":"","meta":{"site-sidebar-layout":"no-sidebar","site-content-layout":"page-builder","ast-global-header-display":"","ast-main-header-display":"","ast-hfb-above-header-display":"","ast-hfb-below-header-display":"","ast-hfb-mobile-header-display":"","site-post-title":"disabled","ast-breadcrumbs-content":"","ast-featured-img":"disabled","footer-sml-layout":"","theme-transparent-header-meta":"","adv-header-id-meta":"","stick-header-meta":"","header-above-stick-meta":"","header-main-stick-meta":"","header-below-stick-meta":""},"_links":{"self":[{"href":"https:\/\/elitebauelemente.de\/index.php?rest_route=\/wp\/v2\/pages\/1237"}],"collection":[{"href":"https:\/\/elitebauelemente.de\/index.php?rest_route=\/wp\/v2\/pages"}],"about":[{"href":"https:\/\/elitebauelemente.de\/index.php?rest_route=\/wp\/v2\/types\/page"}],"author":[{"embeddable":true,"href":"https:\/\/elitebauelemente.de\/index.php?rest_route=\/wp\/v2\/users\/1"}],"replies":[{"embeddable":true,"href":"https:\/\/elitebauelemente.de\/index.php?rest_route=%2Fwp%2Fv2%2Fcomments&post=1237"}],"version-history":[{"count":10,"href":"https:\/\/elitebauelemente.de\/index.php?rest_route=\/wp\/v2\/pages\/1237\/revisions"}],"predecessor-version":[{"id":1612,"href":"https:\/\/elitebauelemente.de\/index.php?rest_route=\/wp\/v2\/pages\/1237\/revisions\/1612"}],"wp:attachment":[{"href":"https:\/\/elitebauelemente.de\/index.php?rest_route=%2Fwp%2Fv2%2Fmedia&parent=1237"}],"curies":[{"name":"wp","href":"https:\/\/api.w.org\/{rel}","templated":true}]}}