{"id":23,"date":"2023-01-25T22:34:08","date_gmt":"2023-01-25T21:34:08","guid":{"rendered":"https:\/\/elitebauelemente.de\/?page_id=23"},"modified":"2023-02-20T14:31:05","modified_gmt":"2023-02-20T13:31:05","slug":"startseite","status":"publish","type":"page","link":"https:\/\/elitebauelemente.de\/?page_id=23","title":{"rendered":"Startseite"},"content":{"rendered":"\t\t<div data-elementor-type=\"wp-page\" data-elementor-id=\"23\" class=\"elementor elementor-23\">\n\t\t\t\t\t\t\t\t\t<section class=\"elementor-section elementor-top-section elementor-element elementor-element-ec7be98 elementor-section-boxed elementor-section-height-default elementor-section-height-default\" data-id=\"ec7be98\" data-element_type=\"section\">\n\t\t\t\t\t\t<div class=\"elementor-container elementor-column-gap-default\">\n\t\t\t\t\t<div class=\"elementor-column elementor-col-100 elementor-top-column elementor-element elementor-element-6e8bd9e\" data-id=\"6e8bd9e\" data-element_type=\"column\">\n\t\t\t<div class=\"elementor-widget-wrap elementor-element-populated\">\n\t\t\t\t\t\t\t\t<div class=\"elementor-element elementor-element-db674c9 animated-slow elementor-invisible elementor-widget elementor-widget-heading\" data-id=\"db674c9\" data-element_type=\"widget\" data-settings=\"{&quot;_animation&quot;:&quot;zoomIn&quot;}\" data-widget_type=\"heading.default\">\n\t\t\t\t<div class=\"elementor-widget-container\">\n\t\t\t<style>\/*! elementor - v3.11.3 - 07-03-2023 *\/\n.elementor-heading-title{padding:0;margin:0;line-height:1}.elementor-widget-heading .elementor-heading-title[class*=elementor-size-]>a{color:inherit;font-size:inherit;line-height:inherit}.elementor-widget-heading .elementor-heading-title.elementor-size-small{font-size:15px}.elementor-widget-heading .elementor-heading-title.elementor-size-medium{font-size:19px}.elementor-widget-heading .elementor-heading-title.elementor-size-large{font-size:29px}.elementor-widget-heading .elementor-heading-title.elementor-size-xl{font-size:39px}.elementor-widget-heading .elementor-heading-title.elementor-size-xxl{font-size:59px}<\/style><h4 class=\"elementor-heading-title elementor-size-default\">Unser Produkte<\/h4>\t\t<\/div>\n\t\t\t\t<\/div>\n\t\t\t\t\t<\/div>\n\t\t<\/div>\n\t\t\t\t\t\t\t<\/div>\n\t\t<\/section>\n\t\t\t\t<section class=\"elementor-section elementor-top-section elementor-element elementor-element-64752b3 elementor-section-boxed elementor-section-height-default elementor-section-height-default\" data-id=\"64752b3\" data-element_type=\"section\" data-settings=\"{&quot;background_background&quot;:&quot;classic&quot;}\">\n\t\t\t\t\t\t\t<div class=\"elementor-background-overlay\"><\/div>\n\t\t\t\t\t\t\t<div class=\"elementor-container elementor-column-gap-default\">\n\t\t\t\t\t<div class=\"elementor-column elementor-col-20 elementor-top-column elementor-element elementor-element-8e5077b\" data-id=\"8e5077b\" data-element_type=\"column\">\n\t\t\t<div class=\"elementor-widget-wrap elementor-element-populated\">\n\t\t\t\t\t\t\t\t<div class=\"elementor-element elementor-element-8f6238c elementor-invisible elementor-widget elementor-widget-heading\" data-id=\"8f6238c\" data-element_type=\"widget\" data-settings=\"{&quot;_animation&quot;:&quot;zoomIn&quot;}\" data-widget_type=\"heading.default\">\n\t\t\t\t<div class=\"elementor-widget-container\">\n\t\t\t<span class=\"elementor-heading-title elementor-size-large\"><a href=\"https:\/\/elitebauelemente.de\/?page_id=922\">Fenster<\/a><\/span>\t\t<\/div>\n\t\t\t\t<\/div>\n\t\t\t\t<div class=\"elementor-element elementor-element-4e0d689 animated-slow elementor-invisible elementor-widget elementor-widget-image\" data-id=\"4e0d689\" data-element_type=\"widget\" data-settings=\"{&quot;_animation&quot;:&quot;zoomIn&quot;}\" data-widget_type=\"image.default\">\n\t\t\t\t<div class=\"elementor-widget-container\">\n\t\t\t<style>\/*! elementor - v3.11.3 - 07-03-2023 *\/\n.elementor-widget-image{text-align:center}.elementor-widget-image a{display:inline-block}.elementor-widget-image a img[src$=\".svg\"]{width:48px}.elementor-widget-image img{vertical-align:middle;display:inline-block}<\/style>\t\t\t\t\t\t\t\t\t\t\t\t<img decoding=\"async\" width=\"768\" height=\"512\" src=\"https:\/\/elitebauelemente.de\/wp-content\/uploads\/2023\/02\/avcilar-pimapen-tamiri.jpg\" class=\"attachment-large size-large wp-image-1389\" alt=\"\" loading=\"lazy\" srcset=\"https:\/\/elitebauelemente.de\/wp-content\/uploads\/2023\/02\/avcilar-pimapen-tamiri.jpg 768w, https:\/\/elitebauelemente.de\/wp-content\/uploads\/2023\/02\/avcilar-pimapen-tamiri-300x200.jpg 300w\" sizes=\"(max-width: 768px) 100vw, 768px\" \/>\t\t\t\t\t\t\t\t\t\t\t\t\t\t\t<\/div>\n\t\t\t\t<\/div>\n\t\t\t\t<div class=\"elementor-element elementor-element-3a2797f animated-slow elementor-invisible elementor-widget elementor-widget-heading\" data-id=\"3a2797f\" data-element_type=\"widget\" data-settings=\"{&quot;_animation&quot;:&quot;zoomIn&quot;}\" data-widget_type=\"heading.default\">\n\t\t\t\t<div class=\"elementor-widget-container\">\n\t\t\t<span class=\"elementor-heading-title elementor-size-large\"><a href=\"https:\/\/elitebauelemente.de\/?page_id=1235\">Rolll\u00e4den<\/a><\/span>\t\t<\/div>\n\t\t\t\t<\/div>\n\t\t\t\t<div class=\"elementor-element elementor-element-f8b5ab1 animated-slow elementor-invisible elementor-widget elementor-widget-image\" data-id=\"f8b5ab1\" data-element_type=\"widget\" data-settings=\"{&quot;_animation&quot;:&quot;zoomIn&quot;}\" data-widget_type=\"image.default\">\n\t\t\t\t<div class=\"elementor-widget-container\">\n\t\t\t\t\t\t\t\t\t\t\t\t\t\t\t<img decoding=\"async\" width=\"900\" height=\"573\" src=\"https:\/\/elitebauelemente.de\/wp-content\/uploads\/2023\/01\/Panjur-distan-takma-.jpeg\" class=\"attachment-large size-large wp-image-1340\" alt=\"\" loading=\"lazy\" srcset=\"https:\/\/elitebauelemente.de\/wp-content\/uploads\/2023\/01\/Panjur-distan-takma-.jpeg 900w, https:\/\/elitebauelemente.de\/wp-content\/uploads\/2023\/01\/Panjur-distan-takma--300x191.jpeg 300w, https:\/\/elitebauelemente.de\/wp-content\/uploads\/2023\/01\/Panjur-distan-takma--768x489.jpeg 768w\" sizes=\"(max-width: 900px) 100vw, 900px\" \/>\t\t\t\t\t\t\t\t\t\t\t\t\t\t\t<\/div>\n\t\t\t\t<\/div>\n\t\t\t\t\t<\/div>\n\t\t<\/div>\n\t\t\t\t<div class=\"elementor-column elementor-col-20 elementor-top-column elementor-element elementor-element-1cf147b\" data-id=\"1cf147b\" data-element_type=\"column\">\n\t\t\t<div class=\"elementor-widget-wrap elementor-element-populated\">\n\t\t\t\t\t\t\t\t<div class=\"elementor-element elementor-element-e99a621 animated-slow elementor-invisible elementor-widget elementor-widget-heading\" data-id=\"e99a621\" data-element_type=\"widget\" data-settings=\"{&quot;_animation&quot;:&quot;zoomIn&quot;}\" data-widget_type=\"heading.default\">\n\t\t\t\t<div class=\"elementor-widget-container\">\n\t\t\t<span class=\"elementor-heading-title elementor-size-large\"><a href=\"https:\/\/elitebauelemente.de\/?page_id=1224\">Haust\u00fcren<\/a><\/span>\t\t<\/div>\n\t\t\t\t<\/div>\n\t\t\t\t<div class=\"elementor-element elementor-element-097ffff animated-slow elementor-invisible elementor-widget elementor-widget-image\" data-id=\"097ffff\" data-element_type=\"widget\" data-settings=\"{&quot;_animation&quot;:&quot;zoomIn&quot;}\" data-widget_type=\"image.default\">\n\t\t\t\t<div class=\"elementor-widget-container\">\n\t\t\t\t\t\t\t\t\t\t\t\t\t\t\t<img decoding=\"async\" width=\"472\" height=\"500\" src=\"https:\/\/elitebauelemente.de\/wp-content\/uploads\/2023\/02\/Ekran-Alintisi1.png\" class=\"attachment-large size-large wp-image-1378\" alt=\"\" loading=\"lazy\" srcset=\"https:\/\/elitebauelemente.de\/wp-content\/uploads\/2023\/02\/Ekran-Alintisi1.png 472w, https:\/\/elitebauelemente.de\/wp-content\/uploads\/2023\/02\/Ekran-Alintisi1-283x300.png 283w\" sizes=\"(max-width: 472px) 100vw, 472px\" \/>\t\t\t\t\t\t\t\t\t\t\t\t\t\t\t<\/div>\n\t\t\t\t<\/div>\n\t\t\t\t<div class=\"elementor-element elementor-element-949eaae animated-slow elementor-invisible elementor-widget elementor-widget-heading\" data-id=\"949eaae\" data-element_type=\"widget\" data-settings=\"{&quot;_animation&quot;:&quot;zoomIn&quot;}\" data-widget_type=\"heading.default\">\n\t\t\t\t<div class=\"elementor-widget-container\">\n\t\t\t<span class=\"elementor-heading-title elementor-size-large\"><a href=\"https:\/\/elitebauelemente.de\/?page_id=1490\">Markisen<\/a><\/span>\t\t<\/div>\n\t\t\t\t<\/div>\n\t\t\t\t<div class=\"elementor-element elementor-element-aacc186 animated-slow elementor-invisible elementor-widget elementor-widget-image\" data-id=\"aacc186\" data-element_type=\"widget\" data-settings=\"{&quot;_animation&quot;:&quot;zoomIn&quot;}\" data-widget_type=\"image.default\">\n\t\t\t\t<div class=\"elementor-widget-container\">\n\t\t\t\t\t\t\t\t\t\t\t\t\t\t\t<img decoding=\"async\" width=\"600\" height=\"400\" src=\"https:\/\/elitebauelemente.de\/wp-content\/uploads\/2023\/02\/mordogan-kasetli-tente.jpg\" class=\"attachment-large size-large wp-image-1390\" alt=\"\" loading=\"lazy\" srcset=\"https:\/\/elitebauelemente.de\/wp-content\/uploads\/2023\/02\/mordogan-kasetli-tente.jpg 600w, https:\/\/elitebauelemente.de\/wp-content\/uploads\/2023\/02\/mordogan-kasetli-tente-300x200.jpg 300w\" sizes=\"(max-width: 600px) 100vw, 600px\" \/>\t\t\t\t\t\t\t\t\t\t\t\t\t\t\t<\/div>\n\t\t\t\t<\/div>\n\t\t\t\t\t<\/div>\n\t\t<\/div>\n\t\t\t\t<div class=\"elementor-column elementor-col-20 elementor-top-column elementor-element elementor-element-bb484b0\" data-id=\"bb484b0\" data-element_type=\"column\">\n\t\t\t<div class=\"elementor-widget-wrap elementor-element-populated\">\n\t\t\t\t\t\t\t\t<div class=\"elementor-element elementor-element-e54515e animated-slow elementor-invisible elementor-widget elementor-widget-heading\" data-id=\"e54515e\" data-element_type=\"widget\" data-settings=\"{&quot;_animation&quot;:&quot;zoomIn&quot;}\" data-widget_type=\"heading.default\">\n\t\t\t\t<div class=\"elementor-widget-container\">\n\t\t\t<span class=\"elementor-heading-title elementor-size-large\"><a href=\"https:\/\/elitebauelemente.de\/?page_id=1453\">Innent\u00fcren<\/a><\/span>\t\t<\/div>\n\t\t\t\t<\/div>\n\t\t\t\t<div class=\"elementor-element elementor-element-12524c9 animated-slow elementor-invisible elementor-widget elementor-widget-image\" data-id=\"12524c9\" data-element_type=\"widget\" data-settings=\"{&quot;_animation&quot;:&quot;zoomIn&quot;}\" data-widget_type=\"image.default\">\n\t\t\t\t<div class=\"elementor-widget-container\">\n\t\t\t\t\t\t\t\t\t\t\t\t\t\t\t<img decoding=\"async\" width=\"188\" height=\"167\" src=\"https:\/\/elitebauelemente.de\/wp-content\/uploads\/2023\/02\/Adsiz.png\" class=\"attachment-large size-large wp-image-1382\" alt=\"\" loading=\"lazy\" \/>\t\t\t\t\t\t\t\t\t\t\t\t\t\t\t<\/div>\n\t\t\t\t<\/div>\n\t\t\t\t\t<\/div>\n\t\t<\/div>\n\t\t\t\t<div class=\"elementor-column elementor-col-20 elementor-top-column elementor-element elementor-element-145827c\" data-id=\"145827c\" data-element_type=\"column\">\n\t\t\t<div class=\"elementor-widget-wrap elementor-element-populated\">\n\t\t\t\t\t\t\t\t<div class=\"elementor-element elementor-element-ab0b835 animated-slow elementor-invisible elementor-widget elementor-widget-heading\" data-id=\"ab0b835\" data-element_type=\"widget\" data-settings=\"{&quot;_animation&quot;:&quot;zoomIn&quot;}\" data-widget_type=\"heading.default\">\n\t\t\t\t<div class=\"elementor-widget-container\">\n\t\t\t<span class=\"elementor-heading-title elementor-size-large\"><a href=\"https:\/\/elitebauelemente.de\/?page_id=926\">Terrassen\u00fcber dachungen<\/a><\/span>\t\t<\/div>\n\t\t\t\t<\/div>\n\t\t\t\t<div class=\"elementor-element elementor-element-ef27a2a animated-slow elementor-invisible elementor-widget elementor-widget-image\" data-id=\"ef27a2a\" data-element_type=\"widget\" data-settings=\"{&quot;_animation&quot;:&quot;zoomIn&quot;}\" data-widget_type=\"image.default\">\n\t\t\t\t<div class=\"elementor-widget-container\">\n\t\t\t\t\t\t\t\t\t\t\t\t\t\t\t<img decoding=\"async\" width=\"960\" height=\"720\" src=\"https:\/\/elitebauelemente.de\/wp-content\/uploads\/2023\/02\/PHOTO-2023-01-30-15-35-08.jpg\" class=\"attachment-large size-large wp-image-1383\" alt=\"\" loading=\"lazy\" srcset=\"https:\/\/elitebauelemente.de\/wp-content\/uploads\/2023\/02\/PHOTO-2023-01-30-15-35-08.jpg 960w, https:\/\/elitebauelemente.de\/wp-content\/uploads\/2023\/02\/PHOTO-2023-01-30-15-35-08-300x225.jpg 300w, https:\/\/elitebauelemente.de\/wp-content\/uploads\/2023\/02\/PHOTO-2023-01-30-15-35-08-768x576.jpg 768w\" sizes=\"(max-width: 960px) 100vw, 960px\" \/>\t\t\t\t\t\t\t\t\t\t\t\t\t\t\t<\/div>\n\t\t\t\t<\/div>\n\t\t\t\t\t<\/div>\n\t\t<\/div>\n\t\t\t\t<div class=\"elementor-column elementor-col-20 elementor-top-column elementor-element elementor-element-3c7a30f\" data-id=\"3c7a30f\" data-element_type=\"column\">\n\t\t\t<div class=\"elementor-widget-wrap elementor-element-populated\">\n\t\t\t\t\t\t\t\t<div class=\"elementor-element elementor-element-5c126b1 animated-slow elementor-invisible elementor-widget elementor-widget-heading\" data-id=\"5c126b1\" data-element_type=\"widget\" data-settings=\"{&quot;_animation&quot;:&quot;zoomIn&quot;}\" data-widget_type=\"heading.default\">\n\t\t\t\t<div class=\"elementor-widget-container\">\n\t\t\t<div class=\"elementor-heading-title elementor-size-large\"><a href=\"https:\/\/elitebauelemente.de\/?page_id=1421\">Insektenschutz<\/a><\/div>\t\t<\/div>\n\t\t\t\t<\/div>\n\t\t\t\t<div class=\"elementor-element elementor-element-731c362 animated-slow elementor-invisible elementor-widget elementor-widget-image\" data-id=\"731c362\" data-element_type=\"widget\" data-settings=\"{&quot;_animation&quot;:&quot;zoomIn&quot;}\" data-widget_type=\"image.default\">\n\t\t\t\t<div class=\"elementor-widget-container\">\n\t\t\t\t\t\t\t\t\t\t\t\t\t\t\t<img decoding=\"async\" width=\"724\" height=\"800\" src=\"https:\/\/elitebauelemente.de\/wp-content\/uploads\/2023\/02\/as2.jpg\" class=\"attachment-large size-large wp-image-1384\" alt=\"\" loading=\"lazy\" srcset=\"https:\/\/elitebauelemente.de\/wp-content\/uploads\/2023\/02\/as2.jpg 724w, https:\/\/elitebauelemente.de\/wp-content\/uploads\/2023\/02\/as2-272x300.jpg 272w\" sizes=\"(max-width: 724px) 100vw, 724px\" \/>\t\t\t\t\t\t\t\t\t\t\t\t\t\t\t<\/div>\n\t\t\t\t<\/div>\n\t\t\t\t\t<\/div>\n\t\t<\/div>\n\t\t\t\t\t\t\t<\/div>\n\t\t<\/section>\n\t\t\t\t\t\t\t<\/div>\n\t\t","protected":false},"excerpt":{"rendered":"<p>Unser Produkte Fenster Rolll\u00e4den Haust\u00fcren Markisen Innent\u00fcren Terrassen\u00fcber dachungen Insektenschutz<\/p>\n","protected":false},"author":1,"featured_media":0,"parent":0,"menu_order":0,"comment_status":"closed","ping_status":"closed","template":"elementor_header_footer","meta":{"site-sidebar-layout":"no-sidebar","site-content-layout":"page-builder","ast-global-header-display":"","ast-main-header-display":"","ast-hfb-above-header-display":"","ast-hfb-below-header-display":"","ast-hfb-mobile-header-display":"","site-post-title":"disabled","ast-breadcrumbs-content":"","ast-featured-img":"disabled","footer-sml-layout":"","theme-transparent-header-meta":"","adv-header-id-meta":"","stick-header-meta":"","header-above-stick-meta":"","header-main-stick-meta":"","header-below-stick-meta":""},"_links":{"self":[{"href":"https:\/\/elitebauelemente.de\/index.php?rest_route=\/wp\/v2\/pages\/23"}],"collection":[{"href":"https:\/\/elitebauelemente.de\/index.php?rest_route=\/wp\/v2\/pages"}],"about":[{"href":"https:\/\/elitebauelemente.de\/index.php?rest_route=\/wp\/v2\/types\/page"}],"author":[{"embeddable":true,"href":"https:\/\/elitebauelemente.de\/index.php?rest_route=\/wp\/v2\/users\/1"}],"replies":[{"embeddable":true,"href":"https:\/\/elitebauelemente.de\/index.php?rest_route=%2Fwp%2Fv2%2Fcomments&post=23"}],"version-history":[{"count":16,"href":"https:\/\/elitebauelemente.de\/index.php?rest_route=\/wp\/v2\/pages\/23\/revisions"}],"predecessor-version":[{"id":1582,"href":"https:\/\/elitebauelemente.de\/index.php?rest_route=\/wp\/v2\/pages\/23\/revisions\/1582"}],"wp:attachment":[{"href":"https:\/\/elitebauelemente.de\/index.php?rest_route=%2Fwp%2Fv2%2Fmedia&parent=23"}],"curies":[{"name":"wp","href":"https:\/\/api.w.org\/{rel}","templated":true}]}}