{"id":884,"date":"2021-07-09T10:15:55","date_gmt":"2021-07-09T10:15:55","guid":{"rendered":"https:\/\/elitebauelemente.de\/?page_id=884"},"modified":"2024-01-18T20:51:26","modified_gmt":"2024-01-18T19:51:26","slug":"about","status":"publish","type":"page","link":"https:\/\/elitebauelemente.de\/?page_id=884","title":{"rendered":"About"},"content":{"rendered":"\t\t<div data-elementor-type=\"wp-page\" data-elementor-id=\"884\" class=\"elementor elementor-884\">\n\t\t\t\t\t\t\t\t\t<section class=\"elementor-section elementor-top-section elementor-element elementor-element-bc48769 elementor-section-boxed elementor-section-height-default elementor-section-height-default\" data-id=\"bc48769\" data-element_type=\"section\" data-settings=\"{&quot;background_background&quot;:&quot;classic&quot;}\">\n\t\t\t\t\t\t<div class=\"elementor-container elementor-column-gap-no\">\n\t\t\t\t\t<div class=\"elementor-column elementor-col-100 elementor-top-column elementor-element elementor-element-8fa271b\" data-id=\"8fa271b\" data-element_type=\"column\">\n\t\t\t<div class=\"elementor-widget-wrap elementor-element-populated\">\n\t\t\t\t\t\t\t\t<div class=\"elementor-element elementor-element-3f9c059 animated-slow elementor-invisible elementor-widget elementor-widget-heading\" data-id=\"3f9c059\" data-element_type=\"widget\" data-settings=\"{&quot;_animation&quot;:&quot;zoomIn&quot;}\" data-widget_type=\"heading.default\">\n\t\t\t\t<div class=\"elementor-widget-container\">\n\t\t\t<style>\/*! elementor - v3.11.3 - 07-03-2023 *\/\n.elementor-heading-title{padding:0;margin:0;line-height:1}.elementor-widget-heading .elementor-heading-title[class*=elementor-size-]>a{color:inherit;font-size:inherit;line-height:inherit}.elementor-widget-heading .elementor-heading-title.elementor-size-small{font-size:15px}.elementor-widget-heading .elementor-heading-title.elementor-size-medium{font-size:19px}.elementor-widget-heading .elementor-heading-title.elementor-size-large{font-size:29px}.elementor-widget-heading .elementor-heading-title.elementor-size-xl{font-size:39px}.elementor-widget-heading .elementor-heading-title.elementor-size-xxl{font-size:59px}<\/style><h1 class=\"elementor-heading-title elementor-size-default\">\u00dcber uns<\/h1>\t\t<\/div>\n\t\t\t\t<\/div>\n\t\t\t\t\t<\/div>\n\t\t<\/div>\n\t\t\t\t\t\t\t<\/div>\n\t\t<\/section>\n\t\t\t\t<section class=\"elementor-section elementor-top-section elementor-element elementor-element-b3d0748 elementor-section-full_width elementor-section-height-default elementor-section-height-default\" data-id=\"b3d0748\" data-element_type=\"section\">\n\t\t\t\t\t\t<div class=\"elementor-container elementor-column-gap-default\">\n\t\t\t\t\t<div class=\"elementor-column elementor-col-50 elementor-top-column elementor-element elementor-element-2433a53\" data-id=\"2433a53\" data-element_type=\"column\">\n\t\t\t<div class=\"elementor-widget-wrap elementor-element-populated\">\n\t\t\t\t\t\t\t\t<div class=\"elementor-element elementor-element-92395d1 animated-slow elementor-invisible elementor-widget elementor-widget-image\" data-id=\"92395d1\" data-element_type=\"widget\" data-settings=\"{&quot;_animation&quot;:&quot;zoomIn&quot;}\" data-widget_type=\"image.default\">\n\t\t\t\t<div class=\"elementor-widget-container\">\n\t\t\t<style>\/*! elementor - v3.11.3 - 07-03-2023 *\/\n.elementor-widget-image{text-align:center}.elementor-widget-image a{display:inline-block}.elementor-widget-image a img[src$=\".svg\"]{width:48px}.elementor-widget-image img{vertical-align:middle;display:inline-block}<\/style>\t\t\t\t\t\t\t\t\t\t\t\t<img decoding=\"async\" width=\"1024\" height=\"624\" src=\"https:\/\/elitebauelemente.de\/wp-content\/uploads\/2023\/01\/cropped-Elite-LOGO2-203x124.png\" class=\"attachment-large size-large wp-image-16\" alt=\"\" loading=\"lazy\" srcset=\"https:\/\/elitebauelemente.de\/wp-content\/uploads\/2023\/01\/cropped-Elite-LOGO2-1024x624.png 1024w, https:\/\/elitebauelemente.de\/wp-content\/uploads\/2023\/01\/cropped-Elite-LOGO2-300x183.png 300w, https:\/\/elitebauelemente.de\/wp-content\/uploads\/2023\/01\/cropped-Elite-LOGO2-768x468.png 768w, https:\/\/elitebauelemente.de\/wp-content\/uploads\/2023\/01\/cropped-Elite-LOGO2-1536x936.png 1536w, https:\/\/elitebauelemente.de\/wp-content\/uploads\/2023\/01\/cropped-Elite-LOGO2-203x124.png 203w, https:\/\/elitebauelemente.de\/wp-content\/uploads\/2023\/01\/cropped-Elite-LOGO2.png 1877w\" sizes=\"(max-width: 1024px) 100vw, 1024px\" \/>\t\t\t\t\t\t\t\t\t\t\t\t\t\t\t<\/div>\n\t\t\t\t<\/div>\n\t\t\t\t<div class=\"elementor-element elementor-element-aacc77c animated-slow elementor-invisible elementor-widget elementor-widget-text-editor\" data-id=\"aacc77c\" data-element_type=\"widget\" data-settings=\"{&quot;_animation&quot;:&quot;zoomIn&quot;}\" data-widget_type=\"text-editor.default\">\n\t\t\t\t<div class=\"elementor-widget-container\">\n\t\t\t<style>\/*! elementor - v3.11.3 - 07-03-2023 *\/\n.elementor-widget-text-editor.elementor-drop-cap-view-stacked .elementor-drop-cap{background-color:#818a91;color:#fff}.elementor-widget-text-editor.elementor-drop-cap-view-framed .elementor-drop-cap{color:#818a91;border:3px solid;background-color:transparent}.elementor-widget-text-editor:not(.elementor-drop-cap-view-default) .elementor-drop-cap{margin-top:8px}.elementor-widget-text-editor:not(.elementor-drop-cap-view-default) .elementor-drop-cap-letter{width:1em;height:1em}.elementor-widget-text-editor .elementor-drop-cap{float:left;text-align:center;line-height:1;font-size:50px}.elementor-widget-text-editor .elementor-drop-cap-letter{display:inline-block}<\/style>\t\t\t\t<ul><li><strong>Fenster<\/strong><\/li><li><strong>Haust\u00fcren<\/strong><\/li><li><strong>Innent\u00fcren<\/strong><\/li><li><strong>Aufsatzrolll\u00e4den<\/strong><\/li><li><strong>Vorbaurolll\u00e4den<\/strong><\/li><li><strong>Terrassen\u00fcberdachungen<\/strong><\/li><li><strong>Markisen<\/strong><\/li><li><strong>Insektenschutz<\/strong><\/li><\/ul>\t\t\t\t\t\t<\/div>\n\t\t\t\t<\/div>\n\t\t\t\t\t<\/div>\n\t\t<\/div>\n\t\t\t\t<div class=\"elementor-column elementor-col-50 elementor-top-column elementor-element elementor-element-eed8fa3\" data-id=\"eed8fa3\" data-element_type=\"column\">\n\t\t\t<div class=\"elementor-widget-wrap elementor-element-populated\">\n\t\t\t\t\t\t\t\t<div class=\"elementor-element elementor-element-01811d6 elementor-invisible elementor-widget elementor-widget-text-editor\" data-id=\"01811d6\" data-element_type=\"widget\" data-settings=\"{&quot;_animation&quot;:&quot;zoomIn&quot;}\" data-widget_type=\"text-editor.default\">\n\t\t\t\t<div class=\"elementor-widget-container\">\n\t\t\t\t\t\t\t<p>Seit 2015 sind wir in der Baubranche t\u00e4tig und verf\u00fcgen \u00fcber weitreichende Erfahrung.<br \/><strong>Elite Bauelemente<\/strong> ist ein familiengef\u00fchrtes Unternehmen und bietet Ihnen an:<br \/><br \/><strong>Verkauf und Montage von<\/strong><br \/>+ Fenster<br \/>+ Rolll\u00e4den<br \/>+ Haust\u00fcren<br \/>+ Innent\u00fcren<br \/>+ Insektenschutz<br \/>+ Terrassen\u00fcberdachungen<br \/>+ Markisen\/ Sonnenschutz<br \/><br \/><strong>Profitieren Sie von unserem Rundum-Service mit folgenden Leistungen:<\/strong><br \/>+ Fachkundige Erstberatung<br \/>+ Vor-Ort-Termin und Aufma\u00dferstellung<br \/>+ Realistische Angebotserstellung mit fairen Preisen<br \/>+ Materialbestellung und -besorgung<br \/>+ Montagebeginn abstimmen<br \/><br \/><strong>Wir versprechen Ihnen<\/strong><br \/>+ einen freundlichen Kontakt<br \/>+ eine gute Erreichbarkeit und schnelle Reaktion auf Anfragen<br \/>+ klare Definition und Aufkl\u00e4rung \u00fcber m\u00f6gliche Komplikationen<br \/>+ l\u00f6sungsorientiertes Handeln<br \/>+ Verbindlichkeit und Zuverl\u00e4ssigkeit<\/p>\t\t\t\t\t\t<\/div>\n\t\t\t\t<\/div>\n\t\t\t\t\t<\/div>\n\t\t<\/div>\n\t\t\t\t\t\t\t<\/div>\n\t\t<\/section>\n\t\t\t\t<section class=\"elementor-section elementor-top-section elementor-element elementor-element-139037a elementor-section-height-min-height elementor-section-boxed elementor-section-height-default elementor-section-items-middle\" data-id=\"139037a\" data-element_type=\"section\" data-settings=\"{&quot;background_background&quot;:&quot;classic&quot;}\">\n\t\t\t\t\t\t<div class=\"elementor-container elementor-column-gap-no\">\n\t\t\t\t\t<div class=\"elementor-column elementor-col-33 elementor-top-column elementor-element elementor-element-5dcf61d\" data-id=\"5dcf61d\" data-element_type=\"column\">\n\t\t\t<div class=\"elementor-widget-wrap elementor-element-populated\">\n\t\t\t\t\t\t\t\t<div class=\"elementor-element elementor-element-d149413 elementor-position-left elementor-vertical-align-middle elementor-view-default elementor-mobile-position-top elementor-widget elementor-widget-icon-box\" data-id=\"d149413\" data-element_type=\"widget\" data-widget_type=\"icon-box.default\">\n\t\t\t\t<div class=\"elementor-widget-container\">\n\t\t\t<link rel=\"stylesheet\" href=\"https:\/\/elitebauelemente.de\/wp-content\/plugins\/elementor\/assets\/css\/widget-icon-box.min.css\">\t\t<div class=\"elementor-icon-box-wrapper\">\n\t\t\t\t\t\t<div class=\"elementor-icon-box-icon\">\n\t\t\t\t<span class=\"elementor-icon elementor-animation-\" >\n\t\t\t\t<i aria-hidden=\"true\" class=\"fas fa-location-arrow\"><\/i>\t\t\t\t<\/span>\n\t\t\t<\/div>\n\t\t\t\t\t\t<div class=\"elementor-icon-box-content\">\n\t\t\t\t<h6 class=\"elementor-icon-box-title\">\n\t\t\t\t\t<span  >\n\t\t\t\t\t\tAdresse:\t\t\t\t\t<\/span>\n\t\t\t\t<\/h6>\n\t\t\t\t\t\t\t\t\t<p class=\"elementor-icon-box-description\">\n\t\t\t\t\t\tPetersweg 3a\n65396 Walluf\t\t\t\t\t<\/p>\n\t\t\t\t\t\t\t<\/div>\n\t\t<\/div>\n\t\t\t\t<\/div>\n\t\t\t\t<\/div>\n\t\t\t\t\t<\/div>\n\t\t<\/div>\n\t\t\t\t<div class=\"elementor-column elementor-col-33 elementor-top-column elementor-element elementor-element-cb77ee8\" data-id=\"cb77ee8\" data-element_type=\"column\">\n\t\t\t<div class=\"elementor-widget-wrap elementor-element-populated\">\n\t\t\t\t\t\t\t\t<div class=\"elementor-element elementor-element-0362c03 elementor-position-left elementor-vertical-align-middle elementor-view-default elementor-mobile-position-top elementor-widget elementor-widget-icon-box\" data-id=\"0362c03\" data-element_type=\"widget\" data-widget_type=\"icon-box.default\">\n\t\t\t\t<div class=\"elementor-widget-container\">\n\t\t\t\t\t<div class=\"elementor-icon-box-wrapper\">\n\t\t\t\t\t\t<div class=\"elementor-icon-box-icon\">\n\t\t\t\t<span class=\"elementor-icon elementor-animation-\" >\n\t\t\t\t<i aria-hidden=\"true\" class=\"fas fa-mail-bulk\"><\/i>\t\t\t\t<\/span>\n\t\t\t<\/div>\n\t\t\t\t\t\t<div class=\"elementor-icon-box-content\">\n\t\t\t\t<h6 class=\"elementor-icon-box-title\">\n\t\t\t\t\t<span  >\n\t\t\t\t\t\tEmail:\t\t\t\t\t<\/span>\n\t\t\t\t<\/h6>\n\t\t\t\t\t\t\t\t\t<p class=\"elementor-icon-box-description\">\n\t\t\t\t\t\tinfo@elitebauelemente.de\t\t\t\t\t<\/p>\n\t\t\t\t\t\t\t<\/div>\n\t\t<\/div>\n\t\t\t\t<\/div>\n\t\t\t\t<\/div>\n\t\t\t\t\t<\/div>\n\t\t<\/div>\n\t\t\t\t<div class=\"elementor-column elementor-col-33 elementor-top-column elementor-element elementor-element-2e00d5c\" data-id=\"2e00d5c\" data-element_type=\"column\">\n\t\t\t<div class=\"elementor-widget-wrap elementor-element-populated\">\n\t\t\t\t\t\t\t\t<div class=\"elementor-element elementor-element-bb1f352 elementor-position-left elementor-vertical-align-middle elementor-view-default elementor-mobile-position-top elementor-widget elementor-widget-icon-box\" data-id=\"bb1f352\" data-element_type=\"widget\" data-widget_type=\"icon-box.default\">\n\t\t\t\t<div class=\"elementor-widget-container\">\n\t\t\t\t\t<div class=\"elementor-icon-box-wrapper\">\n\t\t\t\t\t\t<div class=\"elementor-icon-box-icon\">\n\t\t\t\t<span class=\"elementor-icon elementor-animation-\" >\n\t\t\t\t<i aria-hidden=\"true\" class=\"fas fa-clock\"><\/i>\t\t\t\t<\/span>\n\t\t\t<\/div>\n\t\t\t\t\t\t<div class=\"elementor-icon-box-content\">\n\t\t\t\t<h6 class=\"elementor-icon-box-title\">\n\t\t\t\t\t<span  >\n\t\t\t\t\t\t\u00d6ffnungszeiten:\t\t\t\t\t<\/span>\n\t\t\t\t<\/h6>\n\t\t\t\t\t\t\t\t\t<p class=\"elementor-icon-box-description\">\n\t\t\t\t\t\tMo-Sa: 09:00 - 18:00\t\t\t\t\t<\/p>\n\t\t\t\t\t\t\t<\/div>\n\t\t<\/div>\n\t\t\t\t<\/div>\n\t\t\t\t<\/div>\n\t\t\t\t\t<\/div>\n\t\t<\/div>\n\t\t\t\t\t\t\t<\/div>\n\t\t<\/section>\n\t\t\t\t\t\t\t<\/div>\n\t\t","protected":false},"excerpt":{"rendered":"<p>\u00dcber uns Fenster Haust\u00fcren Innent\u00fcren Aufsatzrolll\u00e4den Vorbaurolll\u00e4den Terrassen\u00fcberdachungen Markisen Insektenschutz Seit 2015 sind wir in der Baubranche t\u00e4tig und verf\u00fcgen \u00fcber weitreichende Erfahrung.Elite Bauelemente ist ein familiengef\u00fchrtes Unternehmen und bietet Ihnen an: Verkauf und Montage von+ Fenster+ Rolll\u00e4den+ Haust\u00fcren+ Innent\u00fcren+ Insektenschutz+ Terrassen\u00fcberdachungen+ Markisen\/ Sonnenschutz Profitieren Sie von unserem Rundum-Service mit folgenden Leistungen:+ Fachkundige Erstberatung+ Vor-Ort-Termin &hellip;<\/p>\n<p class=\"read-more\"> <a class=\"\" href=\"https:\/\/elitebauelemente.de\/?page_id=884\"> <span class=\"screen-reader-text\">About<\/span> Devam\u0131 &raquo;<\/a><\/p>\n","protected":false},"author":1,"featured_media":0,"parent":0,"menu_order":0,"comment_status":"closed","ping_status":"closed","template":"","meta":{"site-sidebar-layout":"no-sidebar","site-content-layout":"page-builder","ast-global-header-display":"","ast-main-header-display":"","ast-hfb-above-header-display":"","ast-hfb-below-header-display":"","ast-hfb-mobile-header-display":"","site-post-title":"disabled","ast-breadcrumbs-content":"disabled","ast-featured-img":"disabled","footer-sml-layout":"","theme-transparent-header-meta":"enabled","adv-header-id-meta":"","stick-header-meta":"","header-above-stick-meta":"","header-main-stick-meta":"","header-below-stick-meta":""},"_links":{"self":[{"href":"https:\/\/elitebauelemente.de\/index.php?rest_route=\/wp\/v2\/pages\/884"}],"collection":[{"href":"https:\/\/elitebauelemente.de\/index.php?rest_route=\/wp\/v2\/pages"}],"about":[{"href":"https:\/\/elitebauelemente.de\/index.php?rest_route=\/wp\/v2\/types\/page"}],"author":[{"embeddable":true,"href":"https:\/\/elitebauelemente.de\/index.php?rest_route=\/wp\/v2\/users\/1"}],"replies":[{"embeddable":true,"href":"https:\/\/elitebauelemente.de\/index.php?rest_route=%2Fwp%2Fv2%2Fcomments&post=884"}],"version-history":[{"count":40,"href":"https:\/\/elitebauelemente.de\/index.php?rest_route=\/wp\/v2\/pages\/884\/revisions"}],"predecessor-version":[{"id":1609,"href":"https:\/\/elitebauelemente.de\/index.php?rest_route=\/wp\/v2\/pages\/884\/revisions\/1609"}],"wp:attachment":[{"href":"https:\/\/elitebauelemente.de\/index.php?rest_route=%2Fwp%2Fv2%2Fmedia&parent=884"}],"curies":[{"name":"wp","href":"https:\/\/api.w.org\/{rel}","templated":true}]}}