{"id":926,"date":"2023-01-26T00:23:03","date_gmt":"2023-01-25T23:23:03","guid":{"rendered":"https:\/\/elitebauelemente.de\/?page_id=926"},"modified":"2023-02-06T22:38:53","modified_gmt":"2023-02-06T21:38:53","slug":"terrassenuberdachung","status":"publish","type":"page","link":"https:\/\/elitebauelemente.de\/?page_id=926","title":{"rendered":"Terrassen\u00fcberdachung"},"content":{"rendered":"\t\t<div data-elementor-type=\"wp-page\" data-elementor-id=\"926\" class=\"elementor elementor-926\">\n\t\t\t\t\t\t\t\t\t<section class=\"elementor-section elementor-top-section elementor-element elementor-element-2d18660 elementor-section-boxed elementor-section-height-default elementor-section-height-default\" data-id=\"2d18660\" data-element_type=\"section\">\n\t\t\t\t\t\t<div class=\"elementor-container elementor-column-gap-default\">\n\t\t\t\t\t<div class=\"elementor-column elementor-col-100 elementor-top-column elementor-element elementor-element-25bed27\" data-id=\"25bed27\" data-element_type=\"column\">\n\t\t\t<div class=\"elementor-widget-wrap elementor-element-populated\">\n\t\t\t\t\t\t\t\t<div class=\"elementor-element elementor-element-cbd0be0 elementor-widget elementor-widget-heading\" data-id=\"cbd0be0\" data-element_type=\"widget\" data-widget_type=\"heading.default\">\n\t\t\t\t<div class=\"elementor-widget-container\">\n\t\t\t<style>\/*! elementor - v3.11.3 - 07-03-2023 *\/\n.elementor-heading-title{padding:0;margin:0;line-height:1}.elementor-widget-heading .elementor-heading-title[class*=elementor-size-]>a{color:inherit;font-size:inherit;line-height:inherit}.elementor-widget-heading .elementor-heading-title.elementor-size-small{font-size:15px}.elementor-widget-heading .elementor-heading-title.elementor-size-medium{font-size:19px}.elementor-widget-heading .elementor-heading-title.elementor-size-large{font-size:29px}.elementor-widget-heading .elementor-heading-title.elementor-size-xl{font-size:39px}.elementor-widget-heading .elementor-heading-title.elementor-size-xxl{font-size:59px}<\/style><h1 class=\"elementor-heading-title elementor-size-default\">TERRASSEN\u00dcBERDACHUNGEN<\/h1>\t\t<\/div>\n\t\t\t\t<\/div>\n\t\t\t\t\t<\/div>\n\t\t<\/div>\n\t\t\t\t\t\t\t<\/div>\n\t\t<\/section>\n\t\t\t\t<section class=\"elementor-section elementor-top-section elementor-element elementor-element-60d9a5c elementor-section-boxed elementor-section-height-default elementor-section-height-default\" data-id=\"60d9a5c\" data-element_type=\"section\">\n\t\t\t\t\t\t\t<div class=\"elementor-background-overlay\"><\/div>\n\t\t\t\t\t\t\t<div class=\"elementor-container elementor-column-gap-default\">\n\t\t\t\t\t<div class=\"elementor-column elementor-col-50 elementor-top-column elementor-element elementor-element-6cdf9a6\" data-id=\"6cdf9a6\" data-element_type=\"column\">\n\t\t\t<div class=\"elementor-widget-wrap elementor-element-populated\">\n\t\t\t\t\t\t\t\t<div class=\"elementor-element elementor-element-49dc052 animated-slow elementor-invisible elementor-widget elementor-widget-image\" data-id=\"49dc052\" data-element_type=\"widget\" data-settings=\"{&quot;_animation&quot;:&quot;zoomIn&quot;}\" data-widget_type=\"image.default\">\n\t\t\t\t<div class=\"elementor-widget-container\">\n\t\t\t<style>\/*! elementor - v3.11.3 - 07-03-2023 *\/\n.elementor-widget-image{text-align:center}.elementor-widget-image a{display:inline-block}.elementor-widget-image a img[src$=\".svg\"]{width:48px}.elementor-widget-image img{vertical-align:middle;display:inline-block}<\/style>\t\t\t\t\t\t\t\t\t\t\t\t<img decoding=\"async\" width=\"852\" height=\"640\" src=\"https:\/\/elitebauelemente.de\/wp-content\/uploads\/2023\/02\/4627a226-e67c-4b9a-b1ca-aee5c8ee0c94.jpg\" class=\"attachment-large size-large wp-image-1411\" alt=\"\" loading=\"lazy\" srcset=\"https:\/\/elitebauelemente.de\/wp-content\/uploads\/2023\/02\/4627a226-e67c-4b9a-b1ca-aee5c8ee0c94.jpg 852w, https:\/\/elitebauelemente.de\/wp-content\/uploads\/2023\/02\/4627a226-e67c-4b9a-b1ca-aee5c8ee0c94-300x225.jpg 300w, https:\/\/elitebauelemente.de\/wp-content\/uploads\/2023\/02\/4627a226-e67c-4b9a-b1ca-aee5c8ee0c94-768x577.jpg 768w\" sizes=\"(max-width: 852px) 100vw, 852px\" \/>\t\t\t\t\t\t\t\t\t\t\t\t\t\t\t<\/div>\n\t\t\t\t<\/div>\n\t\t\t\t<div class=\"elementor-element elementor-element-0936735 animated-slow elementor-invisible elementor-widget elementor-widget-image\" data-id=\"0936735\" data-element_type=\"widget\" data-settings=\"{&quot;_animation&quot;:&quot;zoomIn&quot;}\" data-widget_type=\"image.default\">\n\t\t\t\t<div class=\"elementor-widget-container\">\n\t\t\t\t\t\t\t\t\t\t\t\t\t\t\t<img decoding=\"async\" width=\"960\" height=\"720\" src=\"https:\/\/elitebauelemente.de\/wp-content\/uploads\/2023\/02\/cc9d46d4-ee06-4aec-ab31-2f0bb9855110.jpg\" class=\"attachment-large size-large wp-image-1413\" alt=\"\" loading=\"lazy\" srcset=\"https:\/\/elitebauelemente.de\/wp-content\/uploads\/2023\/02\/cc9d46d4-ee06-4aec-ab31-2f0bb9855110.jpg 960w, https:\/\/elitebauelemente.de\/wp-content\/uploads\/2023\/02\/cc9d46d4-ee06-4aec-ab31-2f0bb9855110-300x225.jpg 300w, https:\/\/elitebauelemente.de\/wp-content\/uploads\/2023\/02\/cc9d46d4-ee06-4aec-ab31-2f0bb9855110-768x576.jpg 768w\" sizes=\"(max-width: 960px) 100vw, 960px\" \/>\t\t\t\t\t\t\t\t\t\t\t\t\t\t\t<\/div>\n\t\t\t\t<\/div>\n\t\t\t\t\t<\/div>\n\t\t<\/div>\n\t\t\t\t<div class=\"elementor-column elementor-col-50 elementor-top-column elementor-element elementor-element-e3a0301\" data-id=\"e3a0301\" data-element_type=\"column\">\n\t\t\t<div class=\"elementor-widget-wrap elementor-element-populated\">\n\t\t\t\t\t\t\t\t<div class=\"elementor-element elementor-element-4c7dfa6 animated-slow elementor-invisible elementor-widget elementor-widget-heading\" data-id=\"4c7dfa6\" data-element_type=\"widget\" data-settings=\"{&quot;_animation&quot;:&quot;zoomIn&quot;}\" data-widget_type=\"heading.default\">\n\t\t\t\t<div class=\"elementor-widget-container\">\n\t\t\t<h1 class=\"elementor-heading-title elementor-size-default\">Terrassen\u00fcberdachung<\/h1>\t\t<\/div>\n\t\t\t\t<\/div>\n\t\t\t\t<div class=\"elementor-element elementor-element-7c2742c animated-slow elementor-invisible elementor-widget elementor-widget-text-editor\" data-id=\"7c2742c\" data-element_type=\"widget\" data-settings=\"{&quot;_animation&quot;:&quot;zoomIn&quot;}\" data-widget_type=\"text-editor.default\">\n\t\t\t\t<div class=\"elementor-widget-container\">\n\t\t\t<style>\/*! elementor - v3.11.3 - 07-03-2023 *\/\n.elementor-widget-text-editor.elementor-drop-cap-view-stacked .elementor-drop-cap{background-color:#818a91;color:#fff}.elementor-widget-text-editor.elementor-drop-cap-view-framed .elementor-drop-cap{color:#818a91;border:3px solid;background-color:transparent}.elementor-widget-text-editor:not(.elementor-drop-cap-view-default) .elementor-drop-cap{margin-top:8px}.elementor-widget-text-editor:not(.elementor-drop-cap-view-default) .elementor-drop-cap-letter{width:1em;height:1em}.elementor-widget-text-editor .elementor-drop-cap{float:left;text-align:center;line-height:1;font-size:50px}.elementor-widget-text-editor .elementor-drop-cap-letter{display:inline-block}<\/style>\t\t\t\t<p>Das ist Genuss pur!<\/p><p>F\u00fcr die Terrassen-Besitzer gibt es kein schlechtes Wetter mehr! In unserer gro\u00dfen Auswahl an Optionen, Stilen und Farben werden Sie garantiert f\u00fcndig.\u00a0<\/p>\t\t\t\t\t\t<\/div>\n\t\t\t\t<\/div>\n\t\t\t\t<div class=\"elementor-element elementor-element-64c601e animated-slow elementor-invisible elementor-widget elementor-widget-image\" data-id=\"64c601e\" data-element_type=\"widget\" data-settings=\"{&quot;_animation&quot;:&quot;zoomIn&quot;}\" data-widget_type=\"image.default\">\n\t\t\t\t<div class=\"elementor-widget-container\">\n\t\t\t\t\t\t\t\t\t\t\t\t\t\t\t<img decoding=\"async\" width=\"960\" height=\"720\" src=\"https:\/\/elitebauelemente.de\/wp-content\/uploads\/2023\/02\/PHOTO-2023-01-30-15-35-08.jpg\" class=\"attachment-large size-large wp-image-1383\" alt=\"\" loading=\"lazy\" srcset=\"https:\/\/elitebauelemente.de\/wp-content\/uploads\/2023\/02\/PHOTO-2023-01-30-15-35-08.jpg 960w, https:\/\/elitebauelemente.de\/wp-content\/uploads\/2023\/02\/PHOTO-2023-01-30-15-35-08-300x225.jpg 300w, https:\/\/elitebauelemente.de\/wp-content\/uploads\/2023\/02\/PHOTO-2023-01-30-15-35-08-768x576.jpg 768w\" sizes=\"(max-width: 960px) 100vw, 960px\" \/>\t\t\t\t\t\t\t\t\t\t\t\t\t\t\t<\/div>\n\t\t\t\t<\/div>\n\t\t\t\t<div class=\"elementor-element elementor-element-e26cacf animated-slow elementor-invisible elementor-widget elementor-widget-image\" data-id=\"e26cacf\" data-element_type=\"widget\" data-settings=\"{&quot;_animation&quot;:&quot;zoomIn&quot;}\" data-widget_type=\"image.default\">\n\t\t\t\t<div class=\"elementor-widget-container\">\n\t\t\t\t\t\t\t\t\t\t\t\t\t\t\t<img decoding=\"async\" width=\"960\" height=\"720\" src=\"https:\/\/elitebauelemente.de\/wp-content\/uploads\/2023\/02\/76bead4c-9b4a-4a3a-8259-92f4719104fe.jpg\" class=\"attachment-large size-large wp-image-1414\" alt=\"\" loading=\"lazy\" srcset=\"https:\/\/elitebauelemente.de\/wp-content\/uploads\/2023\/02\/76bead4c-9b4a-4a3a-8259-92f4719104fe.jpg 960w, https:\/\/elitebauelemente.de\/wp-content\/uploads\/2023\/02\/76bead4c-9b4a-4a3a-8259-92f4719104fe-300x225.jpg 300w, https:\/\/elitebauelemente.de\/wp-content\/uploads\/2023\/02\/76bead4c-9b4a-4a3a-8259-92f4719104fe-768x576.jpg 768w\" sizes=\"(max-width: 960px) 100vw, 960px\" \/>\t\t\t\t\t\t\t\t\t\t\t\t\t\t\t<\/div>\n\t\t\t\t<\/div>\n\t\t\t\t\t<\/div>\n\t\t<\/div>\n\t\t\t\t\t\t\t<\/div>\n\t\t<\/section>\n\t\t\t\t\t\t\t<\/div>\n\t\t","protected":false},"excerpt":{"rendered":"<p>TERRASSEN\u00dcBERDACHUNGEN Terrassen\u00fcberdachung Das ist Genuss pur! F\u00fcr die Terrassen-Besitzer gibt es kein schlechtes Wetter mehr! In unserer gro\u00dfen Auswahl an Optionen, Stilen und Farben werden Sie garantiert f\u00fcndig.\u00a0<\/p>\n","protected":false},"author":1,"featured_media":0,"parent":0,"menu_order":0,"comment_status":"closed","ping_status":"closed","template":"","meta":{"site-sidebar-layout":"no-sidebar","site-content-layout":"page-builder","ast-global-header-display":"","ast-main-header-display":"","ast-hfb-above-header-display":"","ast-hfb-below-header-display":"","ast-hfb-mobile-header-display":"","site-post-title":"disabled","ast-breadcrumbs-content":"","ast-featured-img":"disabled","footer-sml-layout":"","theme-transparent-header-meta":"","adv-header-id-meta":"","stick-header-meta":"","header-above-stick-meta":"","header-main-stick-meta":"","header-below-stick-meta":""},"_links":{"self":[{"href":"https:\/\/elitebauelemente.de\/index.php?rest_route=\/wp\/v2\/pages\/926"}],"collection":[{"href":"https:\/\/elitebauelemente.de\/index.php?rest_route=\/wp\/v2\/pages"}],"about":[{"href":"https:\/\/elitebauelemente.de\/index.php?rest_route=\/wp\/v2\/types\/page"}],"author":[{"embeddable":true,"href":"https:\/\/elitebauelemente.de\/index.php?rest_route=\/wp\/v2\/users\/1"}],"replies":[{"embeddable":true,"href":"https:\/\/elitebauelemente.de\/index.php?rest_route=%2Fwp%2Fv2%2Fcomments&post=926"}],"version-history":[{"count":10,"href":"https:\/\/elitebauelemente.de\/index.php?rest_route=\/wp\/v2\/pages\/926\/revisions"}],"predecessor-version":[{"id":1440,"href":"https:\/\/elitebauelemente.de\/index.php?rest_route=\/wp\/v2\/pages\/926\/revisions\/1440"}],"wp:attachment":[{"href":"https:\/\/elitebauelemente.de\/index.php?rest_route=%2Fwp%2Fv2%2Fmedia&parent=926"}],"curies":[{"name":"wp","href":"https:\/\/api.w.org\/{rel}","templated":true}]}}